{"id":1204,"date":"2019-10-24T10:49:54","date_gmt":"2019-10-24T13:49:54","guid":{"rendered":"https:\/\/cboero-cba.infd.edu.ar\/sitio\/?page_id=1204"},"modified":"2026-03-06T20:47:30","modified_gmt":"2026-03-06T23:47:30","slug":"inscripcion-isfd-ano-2020","status":"publish","type":"page","link":"https:\/\/cboero-cba.infd.edu.ar\/sitio\/profesorado-de-musica\/inscripcion-isfd-ano-2020\/","title":{"rendered":"INSCRIPCI\u00d3N ISFD"},"content":{"rendered":"<h2 style=\"text-align: center;\"><strong>PROFESORADO DE M\u00daSICA ( I.S.F.D )<\/strong><\/h2>\n<p><strong>Inscripci\u00f3n definitiva:<\/strong>\u00a0 &#8230;<strong><span style=\"color: #ff0000;\">\/&#8230;\/2026<\/span><span style=\"color: #000000;\">,<\/span><\/strong> en el horario de 08:00 a 13:00 hs. y de 14:00 a 19:00 hs.<\/p>\n<hr \/>\n<h4>Las inscripciones se realizan con sus datos del CIDI (<u>Ciudadano Digital<\/u>), siguiendo los siguentes pasos:<\/h4>\n<h5 style=\"padding-left: 40px;\">1. Ingresar a la p\u00e1gina oficial del Gobierno de C\u00f3rdoba: <a href=\"http:\/\/www.cba.gov.ar\/\" target=\"_NEW\" rel=\"noopener\">www.cba.gov.ar<\/a><\/h5>\n<h5 style=\"padding-left: 40px;\">2. Seleccionar la pesta\u00f1a \u201cREPARTICIONES\u201d y luego \u00abEDUCACI\u00d3N\u00bb<\/h5>\n<h5 style=\"padding-left: 40px;\">3. Ingresar a la opci\u00f3n \u00abGESTI\u00d3N ESTUDIANTES\u00bb (en el margen inferior derecho)<\/h5>\n<h5 style=\"padding-left: 40px;\">4. En el caso de no tener a\u00fan CIDI, debes clikear \u201c\u00bfa\u00fan no tiene cuenta?\u201d y seguir registrarte\u2026 Luego sigue estos pasos para obtener el <span style=\"color: #3366ff;\"><strong>CIDI NIVEL 2<\/strong><\/span><\/h5>\n<h1 style=\"text-align: center;\">\u2193<\/h1>\n<p><iframe loading=\"lazy\" title=\"Obten\u00e9 Ciudadano Digital Nivel 2\" width=\"1200\" height=\"675\" src=\"https:\/\/www.youtube.com\/embed\/PVH08vT2ry8?feature=oembed\" frameborder=\"0\" allow=\"accelerometer; autoplay; clipboard-write; encrypted-media; gyroscope; picture-in-picture; web-share\" referrerpolicy=\"strict-origin-when-cross-origin\" allowfullscreen><\/iframe><\/p>\n<h5 style=\"padding-left: 40px;\">5. En la opci\u00f3n \u00abGesti\u00f3n Estudiantes\u00bb seleccionar \u00ab<a href=\"http:\/\/www.cba.gov.ar\/gestion-estudiantes\/\" target=\"_NEW\" rel=\"noopener\">PRE MATR\u00cdCULA &#8211; NIVEL SUPERIOR<\/a>\u00bb y seguir los pasos que all\u00ed se indican\u2026<\/h5>\n<h1 style=\"text-align: center;\">\u2193<\/h1>\n<p><iframe loading=\"lazy\" title=\"PRE MATR\u00cdCULA PARA CARRERAS DE NIVEL SUPERIOR\" width=\"1200\" height=\"900\" src=\"https:\/\/www.youtube.com\/embed\/2Y-H_7FZzCw?feature=oembed\" frameborder=\"0\" allow=\"accelerometer; autoplay; clipboard-write; encrypted-media; gyroscope; picture-in-picture; web-share\" referrerpolicy=\"strict-origin-when-cross-origin\" allowfullscreen><\/iframe><\/p>\n<h5>Instructivo escrito \u2192 <a href=\"https:\/\/cboero-cba.infd.edu.ar\/sitio\/wp-content\/uploads\/2019\/11\/Pre-Matr\u00edcula-ISFD-2.ppsx\">TUTORIAL Pre-Matr\u00edcula ISFD <\/a><\/h5>\n<h2><\/h2>\n<h2><strong><span style=\"color: #0000ff;\">Documentaci\u00f3n a presentar:<\/span><\/strong><strong><span style=\"color: #0000ff;\">\u00a0<\/span><\/strong><\/h2>\n<h5>En formato <strong>papel<\/strong> en preceptor\u00eda y en formato <strong>digital<\/strong> al correo <span style=\"color: #000000;\"><strong>preceptoriafelipeboeroisfd@gmail.com<\/strong><\/span><\/h5>\n<ul>\n<li>\n<pre>Pre-matr\u00edcula.<\/pre>\n<\/li>\n<li>\n<pre>Planilla de Inscripci\u00f3n. \u2192 <a href=\"https:\/\/drive.google.com\/file\/d\/1kwHByUicyrogSDY447nMMX9QBnSC10SB\/view?usp=sharing\" target=\"_blank\" rel=\"noopener\">Planilla de Inscripci\u00f3n ISFD<\/a><\/pre>\n<\/li>\n<li>\n<pre>Fotocopia de Partida de Nacimiento.<\/pre>\n<\/li>\n<li>\n<pre>Fotocopia del DNI actualizado (Verificar que el mismo no se encuentre vencido).<\/pre>\n<\/li>\n<li>\n<pre>Fotocopia del t\u00edtulo secundario o Certificado del T\u00edtulo en Tr\u00e1mite (V\u00e1lido por 6 meses desde su emisi\u00f3n en la escuela).<\/pre>\n<\/li>\n<li>\n<pre>1 foto carnet 4x4.<\/pre>\n<\/li>\n<li>\n<pre>C.U.S. (Certificado \u00danico de salud) \u2192 <a href=\"https:\/\/drive.google.com\/file\/d\/1q_Hu7_nCaE4ywEMH7gh62qLxzjdei7R9\/view?usp=sharing\" target=\"_blank\" rel=\"noopener\">C.U.S.<\/a><\/pre>\n<\/li>\n<li>\n<pre>I.S.A (Informe de salud anual) \u2192 <a href=\"https:\/\/docs.google.com\/document\/d\/1A0HJJEHtGbecBQJ3-7xZcbcTwGSofd-u\/edit?usp=sharing&amp;ouid=104240438675511614974&amp;rtpof=true&amp;sd=true\" target=\"_blank\" rel=\"noopener\">I.S.A.<\/a><\/pre>\n<\/li>\n<li>\n<pre>Certificado de No Inscripci\u00f3n de Personas Condenadas por Delitos Contra la Integridad Sexual (Se obtiene a trav\u00e9s de CIDI)<\/pre>\n<\/li>\n<li>\n<pre>Certificado de Buena Conducta (Se solicita en la Unidad Regional Departamental General San Mart\u00edn, Porfirio Seppey, esquina Tucum\u00e1n.)<\/pre>\n<\/li>\n<\/ul>\n<h1 style=\"text-align: center;\"><strong>\u2193<\/strong><\/h1>\n<p><iframe loading=\"lazy\" title=\"Obten\u00e9 tu \ud83d\udcc4 de No Inscripci\u00f3n de Personas Condenadas por Delitos Contra la Integridad Sexual\" width=\"1200\" height=\"675\" src=\"https:\/\/www.youtube.com\/embed\/Xjw3Y-xKoOo?feature=oembed\" frameborder=\"0\" allow=\"accelerometer; autoplay; clipboard-write; encrypted-media; gyroscope; picture-in-picture; web-share\" referrerpolicy=\"strict-origin-when-cross-origin\" allowfullscreen><\/iframe><\/p>\n<h5>*Alumnos mayores de 25 a\u00f1os, sin secundario completo, tambi\u00e9n se pueden inscribir.<\/h5>\n","protected":false},"excerpt":{"rendered":"<p>PROFESORADO DE M\u00daSICA ( I.S.F.D ) Inscripci\u00f3n definitiva:\u00a0 &#8230;\/&#8230;\/2026, en el horario de 08:00 a 13:00 hs. y de 14:00 a 19:00 hs. Las inscripciones se realizan con sus datos del CIDI (Ciudadano Digital), siguiendo los siguentes pasos: 1. Ingresar a la p\u00e1gina oficial del Gobierno de C\u00f3rdoba: www.cba.gov.ar 2. Seleccionar la pesta\u00f1a \u201cREPARTICIONES\u201d y &#8230; <a title=\"INSCRIPCI\u00d3N ISFD\" class=\"read-more\" href=\"https:\/\/cboero-cba.infd.edu.ar\/sitio\/profesorado-de-musica\/inscripcion-isfd-ano-2020\/\" aria-label=\"More on INSCRIPCI\u00d3N ISFD\">[+]<\/a><\/p>\n","protected":false},"author":99,"featured_media":0,"parent":965,"menu_order":0,"comment_status":"closed","ping_status":"closed","template":"","meta":[],"acf":[],"_links":{"self":[{"href":"https:\/\/cboero-cba.infd.edu.ar\/sitio\/wp-json\/wp\/v2\/pages\/1204"}],"collection":[{"href":"https:\/\/cboero-cba.infd.edu.ar\/sitio\/wp-json\/wp\/v2\/pages"}],"about":[{"href":"https:\/\/cboero-cba.infd.edu.ar\/sitio\/wp-json\/wp\/v2\/types\/page"}],"author":[{"embeddable":true,"href":"https:\/\/cboero-cba.infd.edu.ar\/sitio\/wp-json\/wp\/v2\/users\/99"}],"replies":[{"embeddable":true,"href":"https:\/\/cboero-cba.infd.edu.ar\/sitio\/wp-json\/wp\/v2\/comments?post=1204"}],"version-history":[{"count":29,"href":"https:\/\/cboero-cba.infd.edu.ar\/sitio\/wp-json\/wp\/v2\/pages\/1204\/revisions"}],"predecessor-version":[{"id":5593,"href":"https:\/\/cboero-cba.infd.edu.ar\/sitio\/wp-json\/wp\/v2\/pages\/1204\/revisions\/5593"}],"up":[{"embeddable":true,"href":"https:\/\/cboero-cba.infd.edu.ar\/sitio\/wp-json\/wp\/v2\/pages\/965"}],"wp:attachment":[{"href":"https:\/\/cboero-cba.infd.edu.ar\/sitio\/wp-json\/wp\/v2\/media?parent=1204"}],"curies":[{"name":"wp","href":"https:\/\/api.w.org\/{rel}","templated":true}]}}