{"id":1532,"date":"2020-11-30T11:04:11","date_gmt":"2020-11-30T14:04:11","guid":{"rendered":"https:\/\/cboero-cba.infd.edu.ar\/sitio\/?page_id=1532"},"modified":"2022-12-13T09:31:06","modified_gmt":"2022-12-13T12:31:06","slug":"ciclo-artistico-vocacional-c-a-v","status":"publish","type":"page","link":"https:\/\/cboero-cba.infd.edu.ar\/sitio\/ciclo-artistico-vocacional-c-a-v\/","title":{"rendered":"Ciclo Art\u00edstico Vocacional-B\u00e1sico en Instrumento\/Canto (C.A.V.B.)"},"content":{"rendered":"<div  class=\"lgc-column lgc-grid-parent lgc-grid-50 lgc-tablet-grid-50 lgc-mobile-grid-100 lgc-equal-heights \"><div  class=\"inside-grid-column\">\n<h4 style=\"text-align: center;\"><b>CICLO ART\u00cdSTICO VOCACIONAL&nbsp; &nbsp; &nbsp; &nbsp; &nbsp; &nbsp; &nbsp;<span style=\"text-decoration: underline;\">EN INSTRUMENTO<\/span>: Formaci\u00f3n B\u00e1sica<\/b><\/h4>\n<p><span style=\"font-weight: 400;\">&nbsp; &nbsp;Prop\u00f3sitos:<\/span><\/p>\n<ul>\n<li style=\"font-weight: 400; text-align: justify;\" aria-level=\"1\"><span style=\"font-weight: 400;\">Favorecer una apropiaci\u00f3n significativa de los c\u00f3digos notacionales del lenguaje musical.<\/span><\/li>\n<li style=\"font-weight: 400; text-align: justify;\" aria-level=\"1\"><span style=\"font-weight: 400;\">Generar espacios para el desarrollo de competencias en el aspecto t\u00e9cnico interpretativo del instrumento musical elegido.<\/span><\/li>\n<li style=\"font-weight: 400; text-align: justify;\" aria-level=\"1\"><span style=\"font-weight: 400;\">Ofrecer a los alumnos\/as, la posibilidad de participar en diversos grupos musicales apropi\u00e1ndose de un variado repertorio.<\/span><\/li>\n<li style=\"font-weight: 400; text-align: justify;\" aria-level=\"1\"><span style=\"font-weight: 400;\">Promover la participaci\u00f3n de los alumnos\/as en forma individual y colectiva en actividades socio \u2013 culturales en funci\u00f3n de enriquecer sus pr\u00e1cticas musicales y favorecer el contacto con el p\u00fablico.<\/span><\/li>\n<\/ul>\n<p><img decoding=\"async\" loading=\"lazy\" class=\"alignnone size-full wp-image-2296 aligncenter\" src=\"https:\/\/cboero-cba.infd.edu.ar\/sitio\/wp-content\/uploads\/2020\/12\/Cuadro-cavb\u00e1sico-instrumento.jpg\" alt=\"\" width=\"575\" height=\"832\"\/><\/p>\n<p><\/p><\/div><\/div>\n<div  class=\"lgc-column lgc-grid-parent lgc-grid-50 lgc-tablet-grid-50 lgc-mobile-grid-100 lgc-equal-heights \"><div  class=\"inside-grid-column\">\n<h4 style=\"text-align: center;\">CICLO ART\u00cdSTICO VOCACIONAL&nbsp; &nbsp; &nbsp; &nbsp; &nbsp;&nbsp;<span style=\"text-decoration: underline;\">EN CANTO<\/span>: Formaci\u00f3n B\u00e1sica<\/h4>\n<p>Prop\u00f3sitos:<\/p>\n<ul>\n<li><span style=\"font-weight: 400;\">Favorecer una apropiaci\u00f3n significativa de los c\u00f3digos notacionales del lenguaje musical.<\/span><\/li>\n<li><span style=\"font-weight: 400;\">Generar espacios para el desarrollo de competencias en el aspecto t\u00e9cnico interpretativo de la&nbsp; voz.&nbsp;<span style=\"color: #ffffff;\">musical elegido.<\/span><\/span><\/li>\n<li>Ofrecer a los alumnos\/as, desde el inicio de su formaci\u00f3n, la posibilidad de participar en diversos grupos musicales apropi\u00e1ndose de un variado repertorio.<\/li>\n<li><span style=\"font-weight: 400;\">Promover la participaci\u00f3n de los alumnos\/as en forma individual y colectiva en actividades socio \u2013 culturales en funci\u00f3n de enriquecer sus pr\u00e1cticas musicales y favorecer el contacto con el p\u00fablico.<\/span><\/li>\n<\/ul>\n<p><img decoding=\"async\" loading=\"lazy\" class=\"alignnone size-full wp-image-2298 aligncenter\" src=\"https:\/\/cboero-cba.infd.edu.ar\/sitio\/wp-content\/uploads\/2020\/12\/Cuadro-cavb\u00e1sico-canto.jpg\" alt=\"\" width=\"575\" height=\"832\"\/><\/p>\n<p><\/p><\/div><\/div>\n\n\n<h5 class=\"has-text-align-center wp-block-heading\">INSTRUMENTOS: Guitarra, Piano, Viol\u00edn, Violoncello, Saxof\u00f3n, Clarinete,<\/h5>\n\n\n\n<h5 class=\"has-text-align-center wp-block-heading\">Flauta traversa, Trompeta, Percusi\u00f3n.<\/h5>\n\n\n\n<h5 class=\"has-text-align-center wp-block-heading\">Canto<\/h5>\n\n\n\n<p class=\"has-text-align-center\">Si te interesa esta propuesta, puedes realizar la INSCRIPCI\u00d3N ingresando al siguiente link: <a href=\"https:\/\/cboero-cba.infd.edu.ar\/sitio\/inscripcion-ciclo-artistico-vocacional-basico-c-a-v-b-2023\/\">https:\/\/cboero-cba.infd.edu.ar\/sitio\/inscripcion-ciclo-artistico-vocacional-basico-c-a-v-b-2023\/<\/a><\/p>\n","protected":false},"excerpt":{"rendered":"<p>INSTRUMENTOS: Guitarra, Piano, Viol\u00edn, Violoncello, Saxof\u00f3n, Clarinete, Flauta traversa, Trompeta, Percusi\u00f3n. Canto Si te interesa esta propuesta, puedes realizar la INSCRIPCI\u00d3N ingresando al siguiente link: https:\/\/cboero-cba.infd.edu.ar\/sitio\/inscripcion-ciclo-artistico-vocacional-basico-c-a-v-b-2023\/<\/p>\n","protected":false},"author":99,"featured_media":0,"parent":0,"menu_order":0,"comment_status":"closed","ping_status":"closed","template":"","meta":[],"acf":[],"_links":{"self":[{"href":"https:\/\/cboero-cba.infd.edu.ar\/sitio\/wp-json\/wp\/v2\/pages\/1532"}],"collection":[{"href":"https:\/\/cboero-cba.infd.edu.ar\/sitio\/wp-json\/wp\/v2\/pages"}],"about":[{"href":"https:\/\/cboero-cba.infd.edu.ar\/sitio\/wp-json\/wp\/v2\/types\/page"}],"author":[{"embeddable":true,"href":"https:\/\/cboero-cba.infd.edu.ar\/sitio\/wp-json\/wp\/v2\/users\/99"}],"replies":[{"embeddable":true,"href":"https:\/\/cboero-cba.infd.edu.ar\/sitio\/wp-json\/wp\/v2\/comments?post=1532"}],"version-history":[{"count":40,"href":"https:\/\/cboero-cba.infd.edu.ar\/sitio\/wp-json\/wp\/v2\/pages\/1532\/revisions"}],"predecessor-version":[{"id":4492,"href":"https:\/\/cboero-cba.infd.edu.ar\/sitio\/wp-json\/wp\/v2\/pages\/1532\/revisions\/4492"}],"wp:attachment":[{"href":"https:\/\/cboero-cba.infd.edu.ar\/sitio\/wp-json\/wp\/v2\/media?parent=1532"}],"curies":[{"name":"wp","href":"https:\/\/api.w.org\/{rel}","templated":true}]}}