{"id":1540,"date":"2020-11-30T21:33:59","date_gmt":"2020-12-01T00:33:59","guid":{"rendered":"https:\/\/cboero-cba.infd.edu.ar\/sitio\/?page_id=1540"},"modified":"2025-11-10T17:49:43","modified_gmt":"2025-11-10T20:49:43","slug":"consejo-institucional","status":"publish","type":"page","link":"https:\/\/cboero-cba.infd.edu.ar\/sitio\/consejo-institucional\/","title":{"rendered":"CONSEJO INSTITUCIONAL"},"content":{"rendered":"<h5 style=\"text-align: left;\"><b> <\/b><span style=\"font-weight: 400;\">Es el \u00f3rgano colegiado en la Instituci\u00f3n de Educaci\u00f3n Superior, que colabora con el equipo directivo en la gesti\u00f3n, orientaci\u00f3n, asesoramiento y supervisi\u00f3n de la gesti\u00f3n del proyecto institucional, promoviendo la participaci\u00f3n de los claustros que la componen. Su existencia, regulaci\u00f3n y funcionamiento tienen car\u00e1cter obligatorio en las instituciones de Educaci\u00f3n Superior. Seg\u00fan las tem\u00e1ticas que trate este Consejo, en las instituciones de gesti\u00f3n estatal, tendr\u00e1 car\u00e1cter resolutivo o consultivo. (Res. Min. 750\/11. Art\u00edculo 17\u00b0. Reglamento Org\u00e1nico Marco, P.7)\u00a0<\/span><\/h5>\n<p>Este \u00f3rgano institucional est\u00e1 conformado por:<\/p>\n<p><b>PROFESORES TITULARES<\/b><span style=\"font-weight: 400;\">: BUTTIGLIERO, Mar\u00eda Laura; SPERAT, Cecilia; TORANZO, Pablo; TERRENO, Rub\u00e9n Alejandro.\u00a0<\/span><\/p>\n<p><b>PROFESORES SUPLENTES: <\/b>AMBROSINI, Liliana; ZBINDEN, Eliana.<\/p>\n<p><b>ESTUDIANTES TITULARES:<\/b><span style=\"font-weight: 400;\"> YA\u00d1EZ, Clarisa; CRIVELLI, Gianella.<\/span><\/p>\n<p><b>ESTUDIANTES SUPLENTES:<\/b><span style=\"font-weight: 400;\"> GONZ\u00c1LEZ, Valent\u00edn; CARDOZO, Axel; BOSSA, Milagros.<\/span><\/p>\n","protected":false},"excerpt":{"rendered":"<p>Es el \u00f3rgano colegiado en la Instituci\u00f3n de Educaci\u00f3n Superior, que colabora con el equipo directivo en la gesti\u00f3n, orientaci\u00f3n, asesoramiento y supervisi\u00f3n de la gesti\u00f3n del proyecto institucional, promoviendo la participaci\u00f3n de los claustros que la componen. Su existencia, regulaci\u00f3n y funcionamiento tienen car\u00e1cter obligatorio en las instituciones de Educaci\u00f3n Superior. Seg\u00fan las tem\u00e1ticas &#8230; <a title=\"CONSEJO INSTITUCIONAL\" class=\"read-more\" href=\"https:\/\/cboero-cba.infd.edu.ar\/sitio\/consejo-institucional\/\" aria-label=\"More on CONSEJO INSTITUCIONAL\">[+]<\/a><\/p>\n","protected":false},"author":99,"featured_media":0,"parent":0,"menu_order":0,"comment_status":"closed","ping_status":"closed","template":"","meta":[],"acf":[],"_links":{"self":[{"href":"https:\/\/cboero-cba.infd.edu.ar\/sitio\/wp-json\/wp\/v2\/pages\/1540"}],"collection":[{"href":"https:\/\/cboero-cba.infd.edu.ar\/sitio\/wp-json\/wp\/v2\/pages"}],"about":[{"href":"https:\/\/cboero-cba.infd.edu.ar\/sitio\/wp-json\/wp\/v2\/types\/page"}],"author":[{"embeddable":true,"href":"https:\/\/cboero-cba.infd.edu.ar\/sitio\/wp-json\/wp\/v2\/users\/99"}],"replies":[{"embeddable":true,"href":"https:\/\/cboero-cba.infd.edu.ar\/sitio\/wp-json\/wp\/v2\/comments?post=1540"}],"version-history":[{"count":11,"href":"https:\/\/cboero-cba.infd.edu.ar\/sitio\/wp-json\/wp\/v2\/pages\/1540\/revisions"}],"predecessor-version":[{"id":5562,"href":"https:\/\/cboero-cba.infd.edu.ar\/sitio\/wp-json\/wp\/v2\/pages\/1540\/revisions\/5562"}],"wp:attachment":[{"href":"https:\/\/cboero-cba.infd.edu.ar\/sitio\/wp-json\/wp\/v2\/media?parent=1540"}],"curies":[{"name":"wp","href":"https:\/\/api.w.org\/{rel}","templated":true}]}}