{"id":1567,"date":"2020-12-01T18:11:01","date_gmt":"2020-12-01T21:11:01","guid":{"rendered":"https:\/\/cboero-cba.infd.edu.ar\/sitio\/?page_id=1567"},"modified":"2024-12-18T11:33:25","modified_gmt":"2024-12-18T14:33:25","slug":"ciclo-artistico-vocacional-c-a-v-2","status":"publish","type":"page","link":"https:\/\/cboero-cba.infd.edu.ar\/sitio\/ciclo-artistico-vocacional-c-a-v-2\/","title":{"rendered":"Ciclo Art\u00edstico Vocacional  (C.A.V.)"},"content":{"rendered":"<h3 style=\"text-align: center;\"><strong>CICLO ART\u00cdSTICO VOCACIONAL EN INSTRUMENTO\/CANTO<\/strong><\/h3>\n<p style=\"text-align: justify;\">La propuesta se presenta organizada en dos ciclos: la <strong>Formaci\u00f3n <span style=\"text-decoration: underline;\">B\u00e1sica<\/span> en Instrumento\/ Canto (CAVB)<\/strong>&nbsp;y la <strong>Formaci\u00f3n <span style=\"text-decoration: underline;\">Avanzada<\/span> en Instrumento\/Canto (CAVA).<\/strong>&nbsp; Cada ciclo contempla una duraci\u00f3n de 3 a\u00f1os.<\/p>\n<p style=\"text-align: justify;\">Esta propuesta aspira a ampliar el horizonte cultural de los cursantes ofreciendo variadas experiencias art\u00edsticos &#8211; musicales: instrumentales y vocales. Para ello se privilegia el formato taller porque otorga un lugar activo, productivo y colectivo a los cursantes, amplia e intensifica el contacto con los compa\u00f1eros, con el instrumento musical elegido y con la producci\u00f3n musical. Se promover\u00e1 el uso de las nuevas tecnolog\u00edas, para el desarrollo de producciones musicales enriquecidas por la fusi\u00f3n con otros lenguajes art\u00edsticos.<\/p>\n<p style=\"text-align: justify;\">Este ciclo est\u00e1 destinado a adolescentes, j\u00f3venes y adultos, con propuestas tendientes a fortalecer los intereses musicales de los cursantes.<\/p>\n<p style=\"text-align: justify;\">Al cierre de cada uno de los ciclos art\u00edsticos vocacionales se entregar\u00e1n certificaciones institucionales.<\/p>\n<h5 style=\"text-align: center;\">INSTRUMENTOS: Guitarra, Piano, Viol\u00edn, Violoncello, Saxof\u00f3n, Clarinete,<\/h5>\n<h5 style=\"text-align: center;\">Flauta traversa, Trompeta, Percusi\u00f3n.<\/h5>\n<h5 style=\"text-align: center;\">Canto<\/h5>\n\n<div class=\"wp-block-image\">\n<figure class=\"aligncenter size-full is-resized\"><img decoding=\"async\" loading=\"lazy\" src=\"https:\/\/cboero-cba.infd.edu.ar\/sitio\/wp-content\/uploads\/2024\/05\/Conservatorio-Superior-de-Musica-Felipe-Boero-1_page-0005.jpg\" alt=\"\" class=\"wp-image-5173\" width=\"750\" height=\"422\"\/><\/figure><\/div>","protected":false},"excerpt":{"rendered":"<p>CICLO ART\u00cdSTICO VOCACIONAL EN INSTRUMENTO\/CANTO La propuesta se presenta organizada en dos ciclos: la Formaci\u00f3n B\u00e1sica en Instrumento\/ Canto (CAVB)&nbsp;y la Formaci\u00f3n Avanzada en Instrumento\/Canto (CAVA).&nbsp; Cada ciclo contempla una duraci\u00f3n de 3 a\u00f1os. Esta propuesta aspira a ampliar el horizonte cultural de los cursantes ofreciendo variadas experiencias art\u00edsticos &#8211; musicales: instrumentales y vocales. Para &#8230; <a title=\"Ciclo Art\u00edstico Vocacional  (C.A.V.)\" class=\"read-more\" href=\"https:\/\/cboero-cba.infd.edu.ar\/sitio\/ciclo-artistico-vocacional-c-a-v-2\/\" aria-label=\"More on Ciclo Art\u00edstico Vocacional  (C.A.V.)\">[+]<\/a><\/p>\n","protected":false},"author":99,"featured_media":0,"parent":0,"menu_order":0,"comment_status":"closed","ping_status":"closed","template":"","meta":[],"acf":[],"_links":{"self":[{"href":"https:\/\/cboero-cba.infd.edu.ar\/sitio\/wp-json\/wp\/v2\/pages\/1567"}],"collection":[{"href":"https:\/\/cboero-cba.infd.edu.ar\/sitio\/wp-json\/wp\/v2\/pages"}],"about":[{"href":"https:\/\/cboero-cba.infd.edu.ar\/sitio\/wp-json\/wp\/v2\/types\/page"}],"author":[{"embeddable":true,"href":"https:\/\/cboero-cba.infd.edu.ar\/sitio\/wp-json\/wp\/v2\/users\/99"}],"replies":[{"embeddable":true,"href":"https:\/\/cboero-cba.infd.edu.ar\/sitio\/wp-json\/wp\/v2\/comments?post=1567"}],"version-history":[{"count":7,"href":"https:\/\/cboero-cba.infd.edu.ar\/sitio\/wp-json\/wp\/v2\/pages\/1567\/revisions"}],"predecessor-version":[{"id":5493,"href":"https:\/\/cboero-cba.infd.edu.ar\/sitio\/wp-json\/wp\/v2\/pages\/1567\/revisions\/5493"}],"wp:attachment":[{"href":"https:\/\/cboero-cba.infd.edu.ar\/sitio\/wp-json\/wp\/v2\/media?parent=1567"}],"curies":[{"name":"wp","href":"https:\/\/api.w.org\/{rel}","templated":true}]}}