{"id":1707,"date":"2020-12-09T14:50:39","date_gmt":"2020-12-09T17:50:39","guid":{"rendered":"https:\/\/cboero-cba.infd.edu.ar\/sitio\/?page_id=1707"},"modified":"2025-04-20T21:51:01","modified_gmt":"2025-04-21T00:51:01","slug":"docentes-2","status":"publish","type":"page","link":"https:\/\/cboero-cba.infd.edu.ar\/sitio\/docentes-2\/","title":{"rendered":"Docentes"},"content":{"rendered":"\n<figure class=\"wp-block-table is-style-regular\"><table class=\"has-background has-fixed-layout\" style=\"background-color:#e9fbe5\"><tbody><tr><td class=\"has-text-align-center\" data-align=\"center\"><br><strong>NOMBRE Y APELLIDO<\/strong><\/td><td class=\"has-text-align-left\" data-align=\"left\"><br><strong>ESPACIO CURRICULAR O CARGO<\/strong><\/td><\/tr><tr><td class=\"has-text-align-center\" data-align=\"center\"><br>ACEVEDO, M. ALEJANDRA<\/td><td class=\"has-text-align-left\" data-align=\"left\">\u25cf Instrumento Individual: Guitarra (CAV)<br> <br>\u25cf Pr\u00e1ctica Instrumental Grupal: Guitarra (CAV)<br><\/td><\/tr><tr><td class=\"has-text-align-center\" data-align=\"center\"><br>ALONSO, SERGIO<\/td><td class=\"has-text-align-left\" data-align=\"left\">\u25cf Instrumento Individual: Saxof\u00f3n (CAV)<br>\u25cf Taller Ensamble de Vientos (TDI)<br><\/td><\/tr><tr><td class=\"has-text-align-center\" data-align=\"center\">AMBROSINI, LILIANA<\/td><td class=\"has-text-align-left\" data-align=\"left\">\u25cf Instrumento Individual: Piano (CAV)<br>\u25cf Pr\u00e1ctica Instrumental grupal: Piano (CAV)<br>\u25cf Coro de Adultos (TDI)<br><br>Espacios Curriculares Profesorado de M\u00fasica (ISFD):<br>\u25cf Taller: Educaci\u00f3n Vocal II (2\u00b0 a\u00f1o)<br><\/td><\/tr><tr><td class=\"has-text-align-center\" data-align=\"center\">AMBROSINI, VER\u00d3NICA<\/td><td class=\"has-text-align-left\" data-align=\"left\">\u25cf Instrumento Individual: Piano (CAV)<br>\u25cf Pr\u00e1ctica Instrumental Grupal: Piano (CAV)<br>\u25cf Taller de Lenguaje Musical (CAV 1\u00b0 NIVEL)<br>\u25cf Taller de Ensamble Vocal e Instrumental (CAV 1\u00b0 Nivel)<br>Espacios Curriculares Profesorado de M\u00fasica (ISFD):<br>\u25cf Asignatura: Pedagog\u00eda (1\u00b0 a\u00f1o)<br>\u25cf Asignatura: Did\u00e1ctica General (2\u00b0 a\u00f1o)<br>\u25cf Asignatura: Pr\u00e1ctica y Teor\u00eda del Lenguaje Musical II (2\u00b0 a\u00f1o)<br>\u25cf Seminario: Investigaci\u00f3n en Arte (4\u00b0 a\u00f1o)<br><\/td><\/tr><tr><td class=\"has-text-align-center\" data-align=\"center\">ARAOZ, GISELE<\/td><td class=\"has-text-align-left\" data-align=\"left\">\u25cf Preceptora<\/td><\/tr><tr><td class=\"has-text-align-center\" data-align=\"center\">ARESE, CLAUDIA<\/td><td class=\"has-text-align-left\" data-align=\"left\">\u25cf Instrumento Individual: Piano (CAV)<br>\u25cf Pr\u00e1ctica Instrumental Grupal: Piano (CAV)<br>\u25cf Pianista acompa\u00f1ante (CAV)<br>\u25cf Taller de Lenguaje y Apreciaci\u00f3n Musical 2\u00b0 nivel (CAVA)<br><\/td><\/tr><tr><td class=\"has-text-align-center\" data-align=\"center\">&#8230;<\/td><td class=\"has-text-align-left\" data-align=\"left\">Espacios Curriculares Profesorado de M\u00fasica (ISFD):<br>Asignatura: La M\u00fasica en la Historia (2\u00b0 a\u00f1o)<\/td><\/tr><tr><td class=\"has-text-align-center\" data-align=\"center\">BALDUZZI, PABLO<\/td><td class=\"has-text-align-left\" data-align=\"left\">\u25cf Instrumento Grupal Piano (CAVA)<br>\u25cf Taller de Lenguaje y Apreciaci\u00f3n Musical (CAVA)<br>Espacios curriculares Profesorado de M\u00fasica (ISFD):<br>\u25cf Taller: Instrumento Arm\u00f3nico I: Piano (1\u00b0 a\u00f1o)<br>\u25cf Taller: Conjunto Instrumental I (2\u00b0 a\u00f1o)<br>\u25cf Taller: Tecnolog\u00eda Anal\u00f3gica y Digital (2\u00b0 a\u00f1o)<br>\u25cf Taller: Instrumento Arm\u00f3nico III: Piano (3\u00b0 a\u00f1o)<br>\u25cf Asignatura: Pr\u00e1ctica y Teor\u00eda del Lenguaje Musical III (3\u00b0 a\u00f1o)<br><\/td><\/tr><tr><td class=\"has-text-align-center\" data-align=\"center\">BUTTIGLIERO, MAR\u00cdA LAURA<\/td><td class=\"has-text-align-left\" data-align=\"left\">\u25cf Canto Individual (CAV)<br>Espacios Curriculares Profesorado de M\u00fasica (ISFD):<br>\u25cf Taller: Educaci\u00f3n Vocal y Pr\u00e1ctica Coral III (3\u00b0 a\u00f1o)<br>\u25cf Taller. Direcci\u00f3n Coral (4\u00b0 a\u00f1o)<strong><br><\/strong><\/td><\/tr><tr><td class=\"has-text-align-center\" data-align=\"center\">CASTILLEJO, NATALIA<\/td><td class=\"has-text-align-left\" data-align=\"left\">\u25cf Instrumento Individual: Clarinete (CAV)<br>\u25cf Pr\u00e1ctica Instrumental Grupal: Clarinete (CAV)<br><\/td><\/tr><tr><td class=\"has-text-align-center\" data-align=\"center\">CHEGUIRI\u00c1N, M. ALEJANDRA<\/td><td class=\"has-text-align-left\" data-align=\"left\">\u25cf Instrumento Individual: Piano (CAV)<br><\/td><\/tr><tr><td class=\"has-text-align-center\" data-align=\"center\">CINGOLANI, KARINA<\/td><td class=\"has-text-align-left\" data-align=\"left\">\u25cf Instrumento Individual: Piano (CAV)<br>\u25cf Pianista acompa\u00f1ante (CAV)<br>\u25cf Taller de Lenguaje Musical (CAVI 1\u00b0 y 2\u00b0 NIVEL)<br>\u25cf Taller de Conjunto Vocal e Instrumental (CAVI 1\u00b0 y 2\u00b0 NIVEL)<br><\/td><\/tr><tr><td class=\"has-text-align-center\" data-align=\"center\">CORNAGLIA, EMILIANO<\/td><td class=\"has-text-align-left\" data-align=\"left\">\u25cf Instrumento Individual: Piano (CAV)<br><\/td><\/tr><tr><td class=\"has-text-align-center\" data-align=\"center\">DAMIANI, SILVINA<\/td><td class=\"has-text-align-left\" data-align=\"left\">\u25cf Taller de Lenguaje Musical (CAVI 3\u00b0 y 4\u00b0 NIVEL)<br><\/td><\/tr><tr><td class=\"has-text-align-center\" data-align=\"center\">DANIELE, MELINA<\/td><td class=\"has-text-align-left\" data-align=\"left\">\u25cf Instrumento Individual: Guitarra (CAV)<br>\u25cf Taller de Iniciaci\u00f3n en Instrumento: Guitarra para ni\u00f1os de 6 y 7 a\u00f1os. (TEM)<br><\/td><\/tr><tr><td class=\"has-text-align-center\" data-align=\"center\">DIAS PAES, ROSANE<\/td><td class=\"has-text-align-left\" data-align=\"left\">Espacios Curriculares Profesorado de M\u00fasica (ISFD):<br>\u25cf Seminario: Problem\u00e1ticas Socioantropol\u00f3gicas en Educaci\u00f3n (1\u00b0 a\u00f1o)<br><\/td><\/tr><tr><td class=\"has-text-align-center\" data-align=\"center\">ETCHEGARAY SU\u00c1REZ, GEORGINA<\/td><td class=\"has-text-align-left\" data-align=\"left\">\u25cf Instrumento Individual: Guitarra (CAV)<br>\u25cf Pr\u00e1ctica Instrumental Grupal: Guitarra (CAV)<br><\/td><\/tr><tr><td class=\"has-text-align-center\" data-align=\"center\">FERRERO, GABRIELA<\/td><td class=\"has-text-align-left\" data-align=\"left\">\u25cf Pr\u00e1ctica de Canto Grupal (CAV)<br><\/td><\/tr><tr><td class=\"has-text-align-center\" data-align=\"center\">FERREYRA, MIRIAM<\/td><td class=\"has-text-align-left\" data-align=\"left\">\u25cf Instrumento Individual: Guitarra (CAV)<br>\u25cf Pr\u00e1ctica Instrumental Grupal: Guitarra (CAV)<br>\u25cf Taller de Lenguaje y Apreciaci\u00f3n Musical (CAV-A 1\u00b0 Nivel)<br>Espacios Curriculares Profesorado de M\u00fasica (ISFD):<br>\u25cf Taller: Educaci\u00f3n Vocal I (1\u00b0 a\u00f1o)<br><\/td><\/tr><tr><td class=\"has-text-align-center\" data-align=\"center\">GALLO, ARIEL<\/td><td class=\"has-text-align-left\" data-align=\"left\">\u25cf Instrumento Lenguaje Musical 2\u00b0 Nivel (CAV)<br>Espacios Curriculares Profesorado de M\u00fasica (ISFD):<br>\u25cf Instrumento Asignatura: Did\u00e1ctica de la M\u00fasica en el Nivel Secundario (4\u00b0 a\u00f1o)<br>\u25cf M\u00fasica y Lenguaje Corporal (1\u00b0 a\u00f1o)<br><\/td><\/tr><tr><td class=\"has-text-align-center\" data-align=\"center\">GAUNA, RICARDO<\/td><td class=\"has-text-align-left\" data-align=\"left\">\u25cf Instrumento Individual: Trompeta (CAV)<\/td><\/tr><tr><td class=\"has-text-align-center\" data-align=\"center\">GIGENA, LEONARDO<\/td><td class=\"has-text-align-left\" data-align=\"left\">\u25cf Taller de Conjunto Vocal e Instrumental (CAVI 1,2\u00b0 y 3\u00b0 NIVEL)<\/td><\/tr><tr><td class=\"has-text-align-center\" data-align=\"center\">GONZ\u00c1LEZ, MARISA<\/td><td class=\"has-text-align-left\" data-align=\"left\">\u25cf Bibliotecaria<br><\/td><\/tr><tr><td class=\"has-text-align-center\" data-align=\"center\">GUERRERO, MAR\u00cdA LAURA<\/td><td class=\"has-text-align-left\" data-align=\"left\">\u25cf Instrumento Individual: Guitarra (CAV)<br>Espacios Curriculares Profesorado de M\u00fasica (ISFD):<br>\u25cf Taller: Instrumento Arm\u00f3nico I: Guitarra (1\u00b0 a\u00f1o)<br><\/td><\/tr><tr><td class=\"has-text-align-center\" data-align=\"center\">HERRERA, ANA<\/td><td class=\"has-text-align-left\" data-align=\"left\">\u25cf Instrumento Individual: Violoncello (CAV)<br>\u25cf Pr\u00e1ctica Instrumental Grupal: Violoncello (CAV)<br><\/td><\/tr><tr><td class=\"has-text-align-center\" data-align=\"center\">ISLA, M. ALEJANDRA<\/td><td class=\"has-text-align-left\" data-align=\"left\">\u25cf Taller de Ensamble Vocal e Instrumental (CAV 1\u00b0 y 2\u00b0 Nivel)<br><\/td><\/tr><tr><td class=\"has-text-align-center\" data-align=\"center\">MANFREDI, VIRGINIA<\/td><td class=\"has-text-align-left\" data-align=\"left\">Espacios Curriculares Profesorado de M\u00fasica (ISFD):<br>\u25cf Seminario: Pr\u00e1ctica Docente I (1\u00b0a\u00f1o)<br>\u25cf Seminario: Pr\u00e1ctica Docente II (2\u00b0a\u00f1o)<br>\u25cf Seminario: Pr\u00e1ctica Docente III (3\u00b0a\u00f1o)<br><strong>\u25cf <\/strong>Producci\u00f3n Art\u00edstico (4\u00b0 a\u00f1o)<br><strong>\u25cf <\/strong>UDI I Taller Experimental de Did\u00e1ctica Musical<br><br><\/td><\/tr><tr><td class=\"has-text-align-center\" data-align=\"center\">MERCA\u00da, MANUELA<\/td><td class=\"has-text-align-left\" data-align=\"left\">\u25cf Instrumento Individual: Canto (CAV)<br>\u25cf Taller de Expresi\u00f3n Musical para ni\u00f1os de 6 a\u00f1os<br>\u25cf Taller de Expresi\u00f3n Musical para ni\u00f1os de 7 a\u00f1os<br><\/td><\/tr><tr><td class=\"has-text-align-center\" data-align=\"center\">MONTALVO, PATRICIA<\/td><td class=\"has-text-align-left\" data-align=\"left\">\u25cf Instrumento Individual: Piano (CAV)<br>\u25cf Taller de Lenguaje Musical (CAVB 1\u00b0 NIVEL)<br><\/td><\/tr><tr><td class=\"has-text-align-center\" data-align=\"center\">MOYA, M. GABRIELA<\/td><td class=\"has-text-align-left\" data-align=\"left\">\u25cf Administrativa<\/td><\/tr><tr><td class=\"has-text-align-center\" data-align=\"center\">MOYANO, GABRIELA<\/td><td class=\"has-text-align-left\" data-align=\"left\">\u25cf Instrumento Individual: Piano (CAV)<br>\u25cf Pr\u00e1ctica Instrumental Grupal: Piano (CAV)<br>\u25cf Ensamble Vocal e Instrumental 2\u00b0 Nivel (CAV)<br><\/td><\/tr><tr><td class=\"has-text-align-center\" data-align=\"center\">PE\u00d1ALOZA, M. MERCEDES<\/td><td class=\"has-text-align-left\" data-align=\"left\">\u25cf Instrumento Individual: Piano (CAV)<br>\u25cf Instrumento Individual: Flauta Traversa (CAV)<br>\u25cf Pr\u00e1ctica Instrumental Grupal: Piano (CAV)<br>\u25cf Pr\u00e1ctica Instrumental Grupal: Flauta Traversa (CAV)<br><\/td><\/tr><tr><td class=\"has-text-align-center\" data-align=\"center\">PEREYRA, NATALIA<\/td><td class=\"has-text-align-left\" data-align=\"left\">\u25cf Preceptora (CAV)<br><\/td><\/tr><tr><td class=\"has-text-align-center\" data-align=\"center\">D\u00cdAZ, ANDR\u00c9S<\/td><td class=\"has-text-align-left\" data-align=\"left\">\u25cf Instrumento Individual: Percusi\u00f3n (CAV)<\/td><\/tr><tr><td class=\"has-text-align-center\" data-align=\"center\">PERREM, IVANA<\/td><td class=\"has-text-align-left\" data-align=\"left\">Espacios Curriculares Profesorado de M\u00fasica (ISFD):<br>\u25cf Taller: Pr\u00e1ctica Coral III <br><\/td><\/tr><tr><td class=\"has-text-align-center\" data-align=\"center\">RECANATI, GUILLERMO<\/td><td class=\"has-text-align-left\" data-align=\"left\">Espacios Curriculares Profesorado de M\u00fasica (ISFD):<br>\u25cf Asignatura: Filosof\u00eda y Educaci\u00f3n (3\u00b0 a\u00f1o)<br><\/td><\/tr><tr><td class=\"has-text-align-center\" data-align=\"center\">RICO, ANAL\u00cdA<\/td><td class=\"has-text-align-left\" data-align=\"left\">\u25cf Pr\u00e1ctica Instrumental Grupal: Piano (CAV)<br>\u25cf Taller: Taller de M\u00fasica para Adultos<br><\/td><\/tr><tr><td class=\"has-text-align-center\" data-align=\"center\">RODR\u00cdGUEZ, M. LAURA<\/td><td class=\"has-text-align-left\" data-align=\"left\">Espacios Curriculares Profesorado de M\u00fasica (ISFD):<br>\u25cf Taller: Conjunto Instrumental III (4\u00b0 a\u00f1o)<br><\/td><\/tr><tr><td class=\"has-text-align-center\" data-align=\"center\">ROSALES, M. ANTONIA<\/td><td class=\"has-text-align-left\" data-align=\"left\">\u25cf Instrumento Individual: Piano (CAV)<br>\u25cf Taller de Lenguaje Musical (CAV 1\u00b0 NIVEL)<br>\u25cf Taller de Ensamble Vocal e Instrumental (CAV 1\u00b0 Nivel)<br>\u25cf Taller de Expresi\u00f3n Musical (TEM): Taller para ni\u00f1os de 4 a\u00f1os<br>\u25cf Taller: (TEM) Taller de M\u00fasica para adultos.<\/td><\/tr><tr><td class=\"has-text-align-center\" data-align=\"center\">ROSSA, MAR\u00cdA \u00c1NGEL<\/td><td class=\"has-text-align-left\" data-align=\"left\">\u25cf Instrumento Individual: Guitarra (CAVB)<br>\u25cf Taller de Conjunto Vocal e Instrumental (CAVI 3\u00b0 y 4\u00b0 NIVEL)<br><\/td><\/tr><tr><td class=\"has-text-align-center\" data-align=\"center\">SPERAT, CECILIA<\/td><td class=\"has-text-align-left\" data-align=\"left\">Espacios curriculares Profesorado de M\u00fasica (ISFD):<br>\u25cf Taller: Instrumento Arm\u00f3nico II: Piano (2\u00b0 a\u00f1o)<br>\u25cf Taller: Conjunto Instrumental II (3\u00b0 a\u00f1o)<br>\u25cf Taller: Folklore Argentino y Latinoamericano (3\u00b0 a\u00f1o)<br>\u25cf UDI II: Taller de Armonizaci\u00f3n y Arreglos del Repertorio Escolar (4\u00b0 a\u00f1o)<br><\/td><\/tr><tr><td class=\"has-text-align-center\" data-align=\"center\">SOMER, PABLO<\/td><td class=\"has-text-align-left\" data-align=\"left\">Espacios curriculares Profesorado de M\u00fasica (ISFD):<br>\u25cf Taller: Pr\u00e1ctica Coral I (1\u00b0a\u00f1o)<\/td><\/tr><tr><td class=\"has-text-align-center\" data-align=\"center\">&#8230;<\/td><td class=\"has-text-align-left\" data-align=\"left\">Espacios curriculares Profesorado de M\u00fasica (ISFD):<br>\u25cf Taller: Percusi\u00f3n Latinoamericana (1\u00b0a\u00f1o)<\/td><\/tr><tr><td class=\"has-text-align-center\" data-align=\"center\">TERRENO, RUB\u00c9N<\/td><td class=\"has-text-align-left\" data-align=\"left\">\u25cf Instrumento Individual: Guitarra (CAV)<br>\u25cf Pr\u00e1ctica Instrumental Grupal: Guitarra (CAV)<br>Espacios Curriculares Profesorado de M\u00fasica (ISFD):<br>Taller: Instrumento Arm\u00f3nico II: Guitarra (2 a\u00f1o)<br><\/td><\/tr><tr><td class=\"has-text-align-center\" data-align=\"center\">TORANZO, PABLO<\/td><td class=\"has-text-align-left\" data-align=\"left\">\u25cf Ensamble Vocal e Instrumental de M\u00fasica Argentina y Latinoamericana (CAV-A 1\u00b0 Nivel)<br>\u25cf Ensamble de M\u00fasica Popular (CAV-A 2\u00b0 Nivel)<br>\u25cf Ensamble de M\u00fasica de C\u00e1mara (CAV-A 3\u00b0 Nivel)<br>\u25cf Conjunto Instrumental (taller de arreglos musicales)<br>\u25cf Arreglador (CAV)<br>Espacios Curriculares Profesorado de M\u00fasica (ISFD):<br>\u25cf Taller: Instrumento Arm\u00f3nico I: Guitarra (1\u00b0 a\u00f1o)<br>\u25cf Taller: Instrumento Arm\u00f3nico III: Guitarra (3\u00b0 a\u00f1o)<br>\u25cf Seminario: M\u00fasicas Urbanas (3\u00b0 a\u00f1o)<br>\u25cf Taller: La Guitarra en el Folklore<\/td><\/tr><tr><td class=\"has-text-align-center\" data-align=\"center\">TORROELLA, FEDERICO<\/td><td class=\"has-text-align-left\" data-align=\"left\">\u25cf Taller: Ensamble de Percusi\u00f3n<\/td><\/tr><tr><td class=\"has-text-align-center\" data-align=\"center\">UNANUE, M. VICTORIA<\/td><td class=\"has-text-align-left\" data-align=\"left\">\u25cf Instrumento Individual: Piano (CAV)<br><\/td><\/tr><tr><td class=\"has-text-align-center\" data-align=\"center\">URBANI, NOEM\u00cd<\/td><td class=\"has-text-align-left\" data-align=\"left\">Docente en Tareas pasivas provisorias.<br>\u25cf Colaboraci\u00f3n en distribuci\u00f3n y organizaci\u00f3n de material electr\u00f3nico e instrumentos.<br><\/td><\/tr><tr><td class=\"has-text-align-center\" data-align=\"center\">VALVASORI, FABRICIO<\/td><td class=\"has-text-align-left\" data-align=\"left\">\u25cf Instrumento Individual: Viol\u00edn (CAV)<br>\u25cf Pr\u00e1ctica Instrumental Grupal: Viol\u00edn (CAV)<br>\u25cf Director de la Orquesta de C\u00e1mara Institucional<br><\/td><\/tr><tr><td class=\"has-text-align-center\" data-align=\"center\">VERONESE, FLORENCIA<\/td><td class=\"has-text-align-left\" data-align=\"left\">\u25cf Instrumento Individual: Viol\u00edn (CAV)<br><\/td><\/tr><tr><td class=\"has-text-align-center\" data-align=\"center\">VILLARREAL, JESSICA<\/td><td class=\"has-text-align-left\" data-align=\"left\">\u25cf Instrumento Individual: Guitarra (CAV)<br>\u25cf Pr\u00e1ctica Instrumental Grupal: Guitarra (CAV)<br><\/td><\/tr><tr><td class=\"has-text-align-center\" data-align=\"center\">VOLPE, SANDRA<\/td><td class=\"has-text-align-left\" data-align=\"left\">\u25cf Secretaria docente<br>\u25cf Preceptora<br><\/td><\/tr><tr><td class=\"has-text-align-center\" data-align=\"center\">ZBINDEN, ELIANA<\/td><td class=\"has-text-align-left\" data-align=\"left\">\u25cf Instrumento Individual: Piano (CAV)<br>\u25cf Taller de Lenguaje Musical (CAV 2\u00b0 NIVEL)<br>\u25cf Taller \u201cAsignatura pendiente\u201d (TEM) Piano para adultos principiantes<br>Espacios Curriculares Profesorado de M\u00fasica (ISFD):<br>\u25cf Asignatura: Psicolog\u00eda y Educaci\u00f3n (2\u00b0 a\u00f1o)<br>\u25cf Seminario: Sujetos de la Educaci\u00f3n (2\u00b0 a\u00f1o)<br>\u25cf Seminario: El Arte en la Educaci\u00f3n Especial (4\u00b0 a\u00f1o)<br>\u25cf Seminario: Educaci\u00f3n Sexual Integral (4\u00b0 a\u00f1o)<br><\/td><\/tr><tr><td class=\"has-text-align-center\" data-align=\"center\">ZERPA, CRISTINA<\/td><td class=\"has-text-align-left\" data-align=\"left\">Directora.<br>Espacios Curriculares Profesorado de M\u00fasica (ISFD):<br>\u25cf Pr\u00e1ctica y Teor\u00eda del Lenguaje Musical I (1\u00b0 a\u00f1o)<\/td><\/tr><\/tbody><\/table><\/figure>\n\n\n<div class=\"wp-block-image\">\n<figure class=\"aligncenter size-full is-resized\"><img decoding=\"async\" loading=\"lazy\" src=\"https:\/\/cboero-cba.infd.edu.ar\/sitio\/wp-content\/uploads\/2022\/11\/Attention-PNG-Picture-removebg-preview.png\" alt=\"\" class=\"wp-image-4117\" width=\"132\" height=\"119\"\/><figcaption class=\"wp-element-caption\"><mark style=\"background-color:#f1f3b4;color:#f72d2d\" class=\"has-inline-color\">SECCI\u00d3N EN REMODELACI\u00d3N<\/mark><\/figcaption><\/figure><\/div>\n\n\n<p><\/p>\n","protected":false},"excerpt":{"rendered":"<p>NOMBRE Y APELLIDO ESPACIO CURRICULAR O CARGO ACEVEDO, M. ALEJANDRA \u25cf Instrumento Individual: Guitarra (CAV) \u25cf Pr\u00e1ctica Instrumental Grupal: Guitarra (CAV) ALONSO, SERGIO \u25cf Instrumento Individual: Saxof\u00f3n (CAV)\u25cf Taller Ensamble de Vientos (TDI) AMBROSINI, LILIANA \u25cf Instrumento Individual: Piano (CAV)\u25cf Pr\u00e1ctica Instrumental grupal: Piano (CAV)\u25cf Coro de Adultos (TDI) Espacios Curriculares Profesorado de M\u00fasica (ISFD):\u25cf &#8230; <a title=\"Docentes\" class=\"read-more\" href=\"https:\/\/cboero-cba.infd.edu.ar\/sitio\/docentes-2\/\" aria-label=\"More on Docentes\">[+]<\/a><\/p>\n","protected":false},"author":99,"featured_media":0,"parent":0,"menu_order":0,"comment_status":"closed","ping_status":"closed","template":"","meta":[],"acf":[],"_links":{"self":[{"href":"https:\/\/cboero-cba.infd.edu.ar\/sitio\/wp-json\/wp\/v2\/pages\/1707"}],"collection":[{"href":"https:\/\/cboero-cba.infd.edu.ar\/sitio\/wp-json\/wp\/v2\/pages"}],"about":[{"href":"https:\/\/cboero-cba.infd.edu.ar\/sitio\/wp-json\/wp\/v2\/types\/page"}],"author":[{"embeddable":true,"href":"https:\/\/cboero-cba.infd.edu.ar\/sitio\/wp-json\/wp\/v2\/users\/99"}],"replies":[{"embeddable":true,"href":"https:\/\/cboero-cba.infd.edu.ar\/sitio\/wp-json\/wp\/v2\/comments?post=1707"}],"version-history":[{"count":49,"href":"https:\/\/cboero-cba.infd.edu.ar\/sitio\/wp-json\/wp\/v2\/pages\/1707\/revisions"}],"predecessor-version":[{"id":5525,"href":"https:\/\/cboero-cba.infd.edu.ar\/sitio\/wp-json\/wp\/v2\/pages\/1707\/revisions\/5525"}],"wp:attachment":[{"href":"https:\/\/cboero-cba.infd.edu.ar\/sitio\/wp-json\/wp\/v2\/media?parent=1707"}],"curies":[{"name":"wp","href":"https:\/\/api.w.org\/{rel}","templated":true}]}}