{"id":2430,"date":"2021-09-06T10:20:34","date_gmt":"2021-09-06T13:20:34","guid":{"rendered":"https:\/\/cboero-cba.infd.edu.ar\/sitio\/?page_id=2430"},"modified":"2024-05-06T09:50:14","modified_gmt":"2024-05-06T12:50:14","slug":"talleres-institucionales-de-expresion-artistica","status":"publish","type":"page","link":"https:\/\/cboero-cba.infd.edu.ar\/sitio\/talleres-institucionales-de-expresion-artistica\/","title":{"rendered":"Talleres  Infantiles"},"content":{"rendered":"<h5 style=\"text-align: center;\"><span style=\"color: #339966;\"><strong>TALLERES INFANTILES DE 4 a 7 a\u00f1os<\/strong><\/span><\/h5>\n<p class=\"has-text-align-center has-text-color\" style=\"color: #b00db5;\">Una hermosa canci\u00f3n..<br>Un momento oportuno para el canto&#8230;<br>Algunos instrumentos para tocar y acompa\u00f1ar&#8230;<br>Un tiempo y un lugar para escuchar&#8230;<br>Un espacio para compartir&#8230;<br>para aprender&#8230;<br>para descubrir&#8230;<br>para disfrutar&#8230;<\/p>\n<p class=\"has-text-align-center has-text-color\" style=\"color: #b00db5;\">Judith Akoschky<\/p>\n\n\n<p class=\"has-text-align-left\">El Taller Musical tiene como objetivo dar a los ni\u00f1os una experiencia viva y pr\u00e1ctica de la M\u00fasica donde puedan transmitir a trav\u00e9s de ella sentimientos de entusiasmo, satisfacci\u00f3n y goce utilizando el sonido y su lenguaje, juegos,&nbsp; canciones, improvisaciones y&nbsp; expresi\u00f3n corporal.<\/p>\n\n\n\n<p class=\"has-text-align-left\">La finalidad fundamental es \u201chacer m\u00fasica con otros\u201d atendiendo a diversos aspectos como:&nbsp; escuchar, imitar, interpretar, producir, reproducir obras, que permiten vincular al ni\u00f1o con este lenguaje.<\/p>\n\n\n\n<p class=\"has-text-align-left\">Es por eso que la M\u00fasica es arte que compromete la percepci\u00f3n, el pensamiento y la corporalidad desencadenando en la mayor capacidad de expresi\u00f3n que tiene el ni\u00f1o, \u201cla imaginaci\u00f3n creadora\u201d.&nbsp;<\/p>\n\n\n\n<figure class=\"wp-block-table is-style-stripes\"><table class=\"has-background has-fixed-layout\" style=\"background-color:#fcf0ef\"><tbody><tr><td class=\"has-text-align-center\" data-align=\"center\"><span class=\"has-inline-color has-black-color\"><strong>Los espacios est\u00e1n organizados por edad de los ni\u00f1os y ni\u00f1as que asisten:<\/strong><\/span><\/td><\/tr><tr><td class=\"has-text-align-center\" data-align=\"center\">Taller de Iniciaci\u00f3n Musical Infantil <br>-4 a\u00f1os-<\/td><\/tr><tr><td class=\"has-text-align-center\" data-align=\"center\">Taller Experimental de Did\u00e1ctica Musical&nbsp;<br> -5 a\u00f1os-<\/td><\/tr><tr><td class=\"has-text-align-center\" data-align=\"center\">Taller de Expresi\u00f3n Musical Infantil <br>-6 a\u00f1os-<\/td><\/tr><tr><td class=\"has-text-align-center\" data-align=\"center\">Taller de Expresi\u00f3n Musical Infantil<br> -7 a\u00f1os-<\/td><\/tr><tr><td class=\"has-text-align-center\" data-align=\"center\">Taller de Iniciaci\u00f3n en Instrumento <br>-6 y 7 a\u00f1os-<\/td><\/tr><\/tbody><\/table><\/figure>\n\n\n\n<div class=\"wp-block-columns is-layout-flex wp-container-2\">\n<div class=\"wp-block-column is-vertically-aligned-center is-layout-flow\" style=\"flex-basis:100%\">\n<p>Si le interesa esta propuesta, puede realizar la INSCRIPCI\u00d3N ingresando al siguiente link: <a href=\"https:\/\/cboero-cba.infd.edu.ar\/sitio\/inscripcion-talleres-infantiles-4-a-7-anos-2024\/\">https:\/\/cboero-cba.infd.edu.ar\/sitio\/inscripcion-talleres-infantiles-4-a-7-anos-2024\/<\/a><\/p>\n\n\n<div class=\"wp-block-image\">\n<figure class=\"aligncenter size-large is-resized\"><img decoding=\"async\" loading=\"lazy\" src=\"https:\/\/cboero-cba.infd.edu.ar\/sitio\/wp-content\/uploads\/2021\/09\/collage-3.jpg\" alt=\"\" class=\"wp-image-2507\" width=\"614\" height=\"818\" srcset=\"https:\/\/cboero-cba.infd.edu.ar\/sitio\/wp-content\/uploads\/2021\/09\/collage-3.jpg 959w, https:\/\/cboero-cba.infd.edu.ar\/sitio\/wp-content\/uploads\/2021\/09\/collage-3-750x1000.jpg 750w, https:\/\/cboero-cba.infd.edu.ar\/sitio\/wp-content\/uploads\/2021\/09\/collage-3-768x1024.jpg 768w\" sizes=\"(max-width: 614px) 100vw, 614px\" \/><\/figure><\/div><\/div>\n<\/div>\n\n\n\n<p><\/p>\n","protected":false},"excerpt":{"rendered":"<p>TALLERES INFANTILES DE 4 a 7 a\u00f1os Una hermosa canci\u00f3n..Un momento oportuno para el canto&#8230;Algunos instrumentos para tocar y acompa\u00f1ar&#8230;Un tiempo y un lugar para escuchar&#8230;Un espacio para compartir&#8230;para aprender&#8230;para descubrir&#8230;para disfrutar&#8230; Judith Akoschky El Taller Musical tiene como objetivo dar a los ni\u00f1os una experiencia viva y pr\u00e1ctica de la M\u00fasica donde puedan transmitir &#8230; <a title=\"Talleres  Infantiles\" class=\"read-more\" href=\"https:\/\/cboero-cba.infd.edu.ar\/sitio\/talleres-institucionales-de-expresion-artistica\/\" aria-label=\"More on Talleres  Infantiles\">[+]<\/a><\/p>\n","protected":false},"author":99,"featured_media":0,"parent":0,"menu_order":0,"comment_status":"closed","ping_status":"closed","template":"","meta":[],"acf":[],"_links":{"self":[{"href":"https:\/\/cboero-cba.infd.edu.ar\/sitio\/wp-json\/wp\/v2\/pages\/2430"}],"collection":[{"href":"https:\/\/cboero-cba.infd.edu.ar\/sitio\/wp-json\/wp\/v2\/pages"}],"about":[{"href":"https:\/\/cboero-cba.infd.edu.ar\/sitio\/wp-json\/wp\/v2\/types\/page"}],"author":[{"embeddable":true,"href":"https:\/\/cboero-cba.infd.edu.ar\/sitio\/wp-json\/wp\/v2\/users\/99"}],"replies":[{"embeddable":true,"href":"https:\/\/cboero-cba.infd.edu.ar\/sitio\/wp-json\/wp\/v2\/comments?post=2430"}],"version-history":[{"count":44,"href":"https:\/\/cboero-cba.infd.edu.ar\/sitio\/wp-json\/wp\/v2\/pages\/2430\/revisions"}],"predecessor-version":[{"id":5153,"href":"https:\/\/cboero-cba.infd.edu.ar\/sitio\/wp-json\/wp\/v2\/pages\/2430\/revisions\/5153"}],"wp:attachment":[{"href":"https:\/\/cboero-cba.infd.edu.ar\/sitio\/wp-json\/wp\/v2\/media?parent=2430"}],"curies":[{"name":"wp","href":"https:\/\/api.w.org\/{rel}","templated":true}]}}