{"id":3919,"date":"2022-11-06T13:22:21","date_gmt":"2022-11-06T16:22:21","guid":{"rendered":"https:\/\/cboero-cba.infd.edu.ar\/sitio\/?page_id=3919"},"modified":"2024-11-15T08:46:16","modified_gmt":"2024-11-15T11:46:16","slug":"inscripcion-ciclo-artistico-vocacional-avanzado","status":"publish","type":"page","link":"https:\/\/cboero-cba.infd.edu.ar\/sitio\/inscripcion-ciclo-artistico-vocacional-avanzado\/","title":{"rendered":"Inscripci\u00f3n Ciclo Art\u00edstico Vocacional Avanzado                                                                                                                                                               -C.A.V.A.-"},"content":{"rendered":"\n<h4 class=\"wp-block-heading has-text-align-center\" style=\"font-size:29px\"><b>INSCRIPCI\u00d3N CICLO ART\u00cdSTICO VOCACIONAL AVANZADO <\/b>-C.A.V.A.-<\/h4>\n\n\n\n<p class=\"has-text-align-center\" style=\"font-size:24px\"><strong>Formaci\u00f3n Avanzada en Instrumento\/Canto<\/strong><\/p>\n\n\n\n<h4 class=\"wp-block-heading has-text-align-center\" style=\"font-size:29px\"><b>A\u00d1O 202<\/b>5<\/h4>\n\n\n\n<div class=\"wp-block-group is-layout-flow\"><div class=\"wp-block-group__inner-container\">\n<div class=\"wp-block-columns is-layout-flex wp-container-5\">\n<div class=\"wp-block-column is-layout-flow\">\n<div class=\"wp-block-columns is-layout-flex wp-container-2\">\n<div class=\"wp-block-column is-layout-flow\" style=\"flex-basis:100%\">\n<h4 class=\"wp-block-heading has-text-align-center has-white-color has-text-color has-background\" style=\"background-color:#84cd48\"><span style=\"color: #ff6600;\"><b><span class=\"has-inline-color has-white-color\">SI YA SOS estudiante del Conservatorio&#8230;<\/span><\/b><\/span><\/h4>\n\n\n\n<p class=\"has-text-align-center has-vivid-green-cyan-color has-text-color has-medium-font-size\"><span style=\"color: #ff0000;\"><b><mark style=\"background-color:rgba(0, 0, 0, 0)\" class=\"has-inline-color has-black-color\">INSCRIPCIONES ABIERTAS DESDE<\/mark>&nbsp; <mark style=\"background-color:rgba(0, 0, 0, 0)\" class=\"has-inline-color has-black-color\">EL<\/mark><\/b><\/span> <strong>15\/11\/2024<\/strong><\/p>\n\n\n\n<p>Tu profesor\/a te entregar\u00e1 la&nbsp;<strong>Planilla de Inscripci\u00f3n 2025<\/strong>&nbsp;<strong>(Instrumento o Canto)<\/strong>&nbsp;en formato papel, a partir del&nbsp;<strong>01\/11\/2024<\/strong>, la que se deber\u00e1 completar y entregar a preceptor\u00eda hasta el&nbsp;<strong>20\/12\/2024<\/strong>.<\/p>\n\n\n\n<p class=\"has-text-align-left has-background\" style=\"background-color:#e2cbcb;font-size:15px\"><strong>ATENCI\u00d3N<\/strong><em>: <em>Realizando este tr\u00e1mite en tiempo y forma,&nbsp;<\/em><strong>aseguras mantener&nbsp;el lugar&nbsp;con tu profesor\/a de instrumento, para el Ciclo Lectivo 2025<\/strong>.<\/em><\/p>\n\n\n\n<p class=\"has-text-color\" style=\"color:#a30031\">2. <mark style=\"background-color:rgba(0, 0, 0, 0);color:#c50b72\" class=\"has-inline-color\"><em><strong>En formato papel<\/strong>:<\/em> <\/mark><mark style=\"background-color:rgba(0, 0, 0, 0)\" class=\"has-inline-color has-black-color\">Entreg\u00e1 en preceptor\u00eda, la siguiente documentaci\u00f3n<\/mark>: <strong><mark style=\"background-color:rgba(0, 0, 0, 0)\" class=\"has-inline-color has-vivid-green-cyan-color\">(A PARTIR DEL 17\/02\/2025) <\/mark><\/strong><\/p>\n\n\n\n<ul>\n<li><strong>Planilla de Inscripci\u00f3n <strong>CAV AVANZADO (INSTRUMENTO O CANTO) <\/strong> 2025<\/strong> (Institucional) -si ya la entregaste hasta el 20\/12\/2024 no se vuelve a entregar-; <\/li>\n\n\n\n<li><strong>Anexo Salidas Educativas<\/strong>: <a href=\"https:\/\/cboero-cba.infd.edu.ar\/sitio\/wp-content\/uploads\/2024\/10\/Anexo-Autorizacion-salidas-educativas-2025.pdf\">https:\/\/cboero-cba.infd.edu.ar\/sitio\/wp-content\/uploads\/2025\/10\/Anexo-Autorizacion-salidas-educativas-2025.pdf<\/a>  (ATENCI\u00d3N: si sos mayor de edad, no es necesario presentar esta planilla )<\/li>\n\n\n\n<li><strong>-ISA-<\/strong> <strong>Informe de Salud Anual:  <\/strong> <a href=\"https:\/\/cboero-cba.infd.edu.ar\/sitio\/wp-content\/uploads\/2024\/10\/Informe-de-Salud-Anual-ISA-2025.doc\">https:\/\/cboero-cba.infd.edu.ar\/sitio\/wp-content\/uploads\/2025\/10\/Informe-de-Salud-Anual-ISA-2025.doc<\/a><\/li>\n\n\n\n<li><strong>-CUS-<\/strong> <strong>Certificado \u00danico de Salud<\/strong>: <a href=\"https:\/\/cboero-cba.infd.edu.ar\/sitio\/wp-content\/uploads\/2024\/10\/Certificado-unico-de-salud-CUS-2025.docx\">https:\/\/cboero-cba.infd.edu.ar\/sitio\/wp-content\/uploads\/2025\/10\/Certificado-unico-de-salud-CUS-2025.docx<\/a><\/li>\n\n\n\n<li><strong>Certificado de no inscripci\u00f3n a personas condenadas por delitos contra la integridad sexual<\/strong>&nbsp;<strong>-DIS-<\/strong> (ATENCI\u00d3N: S\u00f3lo lo deben presentar los mayores de edad -18 a\u00f1os-) <a href=\"https:\/\/disweb.cba.gov.ar\/   Tutorial para solicitar e DIS https:\/\/www.youtube.com\/watch?v=Xjw3Y-xKoOo\">https:\/\/disweb.cba.gov.ar\/   <\/a><\/li>\n<\/ul>\n\n\n\n<p>Tutorial para solicitar e DIS <a href=\"https:\/\/www.youtube.com\/watch?v=Xjw3Y-xKoOo\">https:\/\/www.youtube.com\/watch?v=Xjw3Y-xKoOo<\/a><\/p>\n<\/div>\n<\/div>\n<\/div>\n\n\n\n<div class=\"wp-block-column is-layout-flow\">\n<h4 class=\"wp-block-heading has-text-align-center has-background\" style=\"background-color:#8c8ff3\"><span style=\"color: #ff6600;\"><b><span class=\"has-inline-color has-white-color\">SI QUER\u00c9S estudiar en el Conservatorio&#8230;<\/span><\/b><\/span><\/h4>\n\n\n\n<p class=\"has-text-align-center has-vivid-green-cyan-color has-text-color has-medium-font-size\"><span style=\"color: #ff0000;\"><b><mark style=\"background-color:rgba(0, 0, 0, 0)\" class=\"has-inline-color has-black-color\">INSCRIPCIONES ABIERTAS DESDE<\/mark>&nbsp; <mark style=\"background-color:rgba(0, 0, 0, 0)\" class=\"has-inline-color has-black-color\">EL<\/mark><\/b><\/span> <strong>15\/11\/2024<\/strong><\/p>\n\n\n\n<p>1. <mark style=\"background-color:rgba(0, 0, 0, 0);color:#c50b72\" class=\"has-inline-color\"><strong><em>En<\/em> <em>formato digital<\/em><\/strong>: <\/mark><mark style=\"background-color:rgba(0, 0, 0, 0)\" class=\"has-inline-color has-black-color\">Descarg\u00e1 y complet\u00e1 la <strong>PLANILLA DE INSCRIPCI\u00d3N CAV AVANZADO &#8211; (<strong>INSTRUMENTO<\/strong> o <strong>CANTO<\/strong>) 2025 <\/strong>(Institucional) y el <strong>ANEXO SALIDAS EDUCATIVAS;   <\/strong>luego env\u00eda ambas planillas&nbsp;por correo  a: <\/mark><a href=\"mailto:preceptoriafelipeboerocav@gmail.com\">preceptoriafelipeboerocav@gmail.com<\/a>&nbsp;                                   <mark style=\"background-color:rgba(0, 0, 0, 0)\" class=\"has-inline-color has-black-color\">(<strong>Asunto del correo:<\/strong> Apellido\/s y Nombre\/s;  Inscripci\u00f3n 2025 CAVA);    <\/mark><strong>ADJUNTA&nbsp;<\/strong>adem\u00e1s:&nbsp;<strong>*DNI Actualizado<\/strong><\/p>\n\n\n\n<ul>\n<li><strong>PLANILLA DE INSCRIPCI\u00d3N CAV AVANZADO -INSTRUMENTO- 2025 <\/strong>(Institucional): <a href=\"https:\/\/cboero-cba.infd.edu.ar\/sitio\/wp-content\/uploads\/2024\/10\/PLANILLA-DE-INSCRIPCION-CAVA-INSTRUMENTO-2025.pdf\">https:\/\/cboero-cba.infd.edu.ar\/sitio\/wp-content\/uploads\/2025\/10\/PLANILLA-DE-INSCRIPCION-CAVA-INSTRUMENTO-2025.pdf<\/a><\/li>\n<\/ul>\n\n\n\n<ul>\n<li><strong>PLANILLA DE INSCRIPCI\u00d3N CAV AVANZADO -CANTO- 2025 <\/strong>(Institucional):<a href=\"https:\/\/cboero-cba.infd.edu.ar\/sitio\/wp-content\/uploads\/2024\/10\/PLANILLA-DE-INSCRIPCION-CAVA-CANTO-2025.pdf\">https:\/\/cboero-cba.infd.edu.ar\/sitio\/wp-content\/uploads\/2025\/10\/PLANILLA-DE-INSCRIPCION-CAVA-CANTO-2025.pdf<\/a><\/li>\n<\/ul>\n\n\n\n<ul>\n<li><strong>ANEXO SALIDAS EDUCATIVAS:<\/strong> <a href=\"https:\/\/cboero-cba.infd.edu.ar\/sitio\/wp-content\/uploads\/2024\/10\/Anexo-Autorizacion-salidas-educativas-2025.pdf\">https:\/\/cboero-cba.infd.edu.ar\/sitio\/wp-content\/uploads\/2025\/10\/Anexo-Autorizacion-salidas-educativas-2025.pdf<\/a>  (ATENCI\u00d3N: si sos mayor de edad, no es necesario presentar esta planilla )<\/li>\n<\/ul>\n\n\n\n<p class=\"has-text-align-left\">2. <strong><em><mark style=\"background-color:rgba(0, 0, 0, 0);color:#c50b72\" class=\"has-inline-color\">En formato papel<\/mark><\/em><\/strong>: Entreg\u00e1  en preceptor\u00eda, la siguiente documentaci\u00f3n: <strong><mark style=\"background-color:rgba(0, 0, 0, 0)\" class=\"has-inline-color has-vivid-green-cyan-color\">(A PARTIR DEL 17\/02\/2025)<\/mark><\/strong><\/p>\n\n\n\n<ul>\n<li><strong>Planilla de Inscripci\u00f3n <strong>CAV AVANZADO &#8211; (INSTRUMENTO O CANTO)<\/strong> 2025 <\/strong>(Institucional);<\/li>\n\n\n\n<li><strong> DNI Actualizado<\/strong>;<\/li>\n\n\n\n<li><strong>Anexo Salidas Educativas<\/strong><\/li>\n\n\n\n<li><strong>-ISA-<\/strong> <strong>Informe de Salud Anual<\/strong>: <a href=\"https:\/\/cboero-cba.infd.edu.ar\/sitio\/wp-content\/uploads\/2024\/10\/Informe-de-Salud-Anual-ISA-2025.doc\">https:\/\/cboero-cba.infd.edu.ar\/sitio\/wp-content\/uploads\/2025\/10\/Informe-de-Salud-Anual-ISA-2025.doc<\/a><\/li>\n\n\n\n<li><strong>-CUS-<\/strong> <strong>Certificado \u00danico de Salud<\/strong>:  <a href=\"https:\/\/cboero-cba.infd.edu.ar\/sitio\/wp-content\/uploads\/2024\/10\/Certificado-unico-de-salud-CUS-2025.docx\">https:\/\/cboero-cba.infd.edu.ar\/sitio\/wp-content\/uploads\/2025\/10\/Certificado-unico-de-salud-CUS-2025.docx<\/a><\/li>\n\n\n\n<li><strong>Certificado de no inscripci\u00f3n a personas condenadas por delitos contra la integridad sexual<\/strong>&nbsp;<strong>-DIS-<\/strong> (ATENCI\u00d3N: S\u00f3lo lo deben presentar los mayores de edad -18 a\u00f1os-): <a href=\"https:\/\/disweb.cba.gov.ar\/\">https:\/\/disweb.cba.gov.ar\/<\/a><\/li>\n<\/ul>\n<\/div>\n<\/div>\n\n\n\n<p>Tutorial para solicitar e DIS: <a href=\"https:\/\/www.youtube.com\/watch?v=Xjw3Y-xKoOo\">https:\/\/www.youtube.com\/watch?v=Xjw3Y-xKoOo<\/a><\/p>\n\n\n\n<p class=\"has-text-color\" style=\"color:#096917\"><mark style=\"background-color:rgba(0, 0, 0, 0)\" class=\"has-inline-color has-vivid-red-color\"><strong>ATENCI\u00d3N&#8230;IMPORTANTE:<\/strong><\/mark><\/p>\n\n\n\n<p class=\"has-text-color\" style=\"color:#096917\"><mark style=\"background-color:rgba(0, 0, 0, 0)\" class=\"has-inline-color has-black-color\">Si elegiste cursar la <strong>Formaci\u00f3n Avanzada en Canto<\/strong>, debes ver y cumplimentar con los <strong>REQUISITOS PARA INGRESAR EN CANTO 2025<\/strong>;  Adem\u00e1s completar y presentar en preceptor\u00eda (<strong>junto con la documentaci\u00f3n presentada en <em>formato papel)<\/em><\/strong>  la <strong>FICHA DE VALORACI\u00d3N FUNCIONAL DE LA VOZ 2025<\/strong><\/mark>.<\/p>\n\n\n\n<ul>\n<li><strong>REQUISITOS PARA INGRESAR EN CANTO 2025<\/strong>: <a href=\"https:\/\/cboero-cba.infd.edu.ar\/sitio\/wp-content\/uploads\/2024\/10\/REQUISITOS-PARA-INGRESAR-EN-CANTO-2025.pdf\">https:\/\/cboero-cba.infd.edu.ar\/sitio\/wp-content\/uploads\/2025\/10\/REQUISITOS-PARA-INGRESAR-EN-CANTO-2025.pdf<\/a><\/li>\n<\/ul>\n\n\n\n<ul>\n<li><strong>FICHA DE VALORACI\u00d3N FUNCIONAL DE LA VOZ 2025<\/strong>:  <a href=\"https:\/\/cboero-cba.infd.edu.ar\/sitio\/wp-content\/uploads\/2024\/10\/FICHA-DE-VALORACION-VM-2025-.pdf\">https:\/\/cboero-cba.infd.edu.ar\/sitio\/wp-content\/uploads\/2025\/10\/FICHA-DE-VALORACION-VM-2025-.pdf<\/a><\/li>\n<\/ul>\n\n\n\n<p><\/p>\n\n\n\n<p class=\"has-black-color has-text-color\"><mark style=\"background-color:rgba(0, 0, 0, 0)\" class=\"has-inline-color has-black-color\"><strong>ATENCI\u00d3N:<\/strong> Para <strong>cargar la documentaci\u00f3n en <em>formato digital<\/em>,<\/strong>\u00a0se puede realizar en PDF o JPG\u00a0 ( o foto legible) y luego enviar al correo asignado. (Si eliges completar y firmar directamente la Planilla de Inscripci\u00f3n de manera digital, puedes ayudarte con el editor en l\u00ednea \u00a0<a href=\"https:\/\/www.sejda.com\/es\/pdf-editor\"><strong>https:\/\/www.sejda.com\/es\/pdf-editor<\/strong><\/a>).<\/mark><\/p>\n\n\n\n<blockquote class=\"wp-block-quote is-style-default\">\n<p>Conoce la propuesta educativa que ofrece el C.A.V.B., ingresando al siguiente link:<a href=\"https:\/\/cboero-cba.infd.edu.ar\/sitio\/ciclo-artistico-vocacional-avanzado-c-a-v-a\/\">https:\/\/cboero-cba.infd.edu.ar\/sitio\/ciclo-artistico-vocacional-avanzado-c-a-v-a\/<\/a><\/p>\n\n\n\n<p> <\/p>\n<\/blockquote>\n<\/div><\/div>\n\n\n\n<p><\/p>\n","protected":false},"excerpt":{"rendered":"<p>INSCRIPCI\u00d3N CICLO ART\u00cdSTICO VOCACIONAL AVANZADO -C.A.V.A.- Formaci\u00f3n Avanzada en Instrumento\/Canto A\u00d1O 2025 SI YA SOS estudiante del Conservatorio&#8230; INSCRIPCIONES ABIERTAS DESDE&nbsp; EL 15\/11\/2024 Tu profesor\/a te entregar\u00e1 la&nbsp;Planilla de Inscripci\u00f3n 2025&nbsp;(Instrumento o Canto)&nbsp;en formato papel, a partir del&nbsp;01\/11\/2024, la que se deber\u00e1 completar y entregar a preceptor\u00eda hasta el&nbsp;20\/12\/2024. ATENCI\u00d3N: Realizando este tr\u00e1mite en tiempo &#8230; <a title=\"Inscripci\u00f3n Ciclo Art\u00edstico Vocacional Avanzado                                                                                                                                                               -C.A.V.A.-\" class=\"read-more\" href=\"https:\/\/cboero-cba.infd.edu.ar\/sitio\/inscripcion-ciclo-artistico-vocacional-avanzado\/\" aria-label=\"More on Inscripci\u00f3n Ciclo Art\u00edstico Vocacional Avanzado                                                                                                                                                               -C.A.V.A.-\">[+]<\/a><\/p>\n","protected":false},"author":99,"featured_media":0,"parent":0,"menu_order":0,"comment_status":"closed","ping_status":"closed","template":"","meta":[],"acf":[],"_links":{"self":[{"href":"https:\/\/cboero-cba.infd.edu.ar\/sitio\/wp-json\/wp\/v2\/pages\/3919"}],"collection":[{"href":"https:\/\/cboero-cba.infd.edu.ar\/sitio\/wp-json\/wp\/v2\/pages"}],"about":[{"href":"https:\/\/cboero-cba.infd.edu.ar\/sitio\/wp-json\/wp\/v2\/types\/page"}],"author":[{"embeddable":true,"href":"https:\/\/cboero-cba.infd.edu.ar\/sitio\/wp-json\/wp\/v2\/users\/99"}],"replies":[{"embeddable":true,"href":"https:\/\/cboero-cba.infd.edu.ar\/sitio\/wp-json\/wp\/v2\/comments?post=3919"}],"version-history":[{"count":52,"href":"https:\/\/cboero-cba.infd.edu.ar\/sitio\/wp-json\/wp\/v2\/pages\/3919\/revisions"}],"predecessor-version":[{"id":5405,"href":"https:\/\/cboero-cba.infd.edu.ar\/sitio\/wp-json\/wp\/v2\/pages\/3919\/revisions\/5405"}],"wp:attachment":[{"href":"https:\/\/cboero-cba.infd.edu.ar\/sitio\/wp-json\/wp\/v2\/media?parent=3919"}],"curies":[{"name":"wp","href":"https:\/\/api.w.org\/{rel}","templated":true}]}}